{"id":17453,"date":"2023-11-22T11:23:45","date_gmt":"2023-11-22T10:23:45","guid":{"rendered":"https:\/\/legalnykomputer.pl\/?post_type=product&#038;p=17453"},"modified":"2023-11-22T14:16:42","modified_gmt":"2023-11-22T13:16:42","slug":"zdalna-aplikacja-klucza-licencyjnego-windows-10-lub-11-home","status":"publish","type":"product","link":"https:\/\/legalnykomputer.pl\/?product=zdalna-aplikacja-klucza-licencyjnego-windows-10-lub-11-home","title":{"rendered":"Zdalna aplikacja klucza licencyjnego Windows 10 lub 11 Home"},"content":{"rendered":"","protected":false},"excerpt":{"rendered":"<p><strong>Licencja systemu Windows 10 lub 11<sup>*<\/sup> Home<\/strong><\/p>\n<p><strong><sup>* <\/sup>Przy instalacji Windows 11, przes\u0142ane urz\u0105dzenie musi spe\u0142nia\u0107 minimalne wymagania systemu.<\/strong><\/p>\n","protected":false},"featured_media":17454,"template":"","meta":[],"product_cat":[76],"product_tag":[],"class_list":{"0":"post-17453","1":"product","2":"type-product","3":"status-publish","4":"has-post-thumbnail","6":"product_cat-uslugi","8":"first","9":"instock","10":"sold-individually","11":"taxable","12":"shipping-taxable","13":"purchasable","14":"product-type-simple"},"yoast_head":"<!-- This site is optimized with the Yoast SEO plugin v21.7 - https:\/\/yoast.com\/wordpress\/plugins\/seo\/ -->\n<title>Zdalna aplikacja klucza licencyjnego Windows 10 lub 11 Home - Legalny Komputer<\/title>\n<meta name=\"robots\" content=\"index, follow, max-snippet:-1, max-image-preview:large, max-video-preview:-1\" \/>\n<link rel=\"canonical\" href=\"https:\/\/legalnykomputer.pl\/?product=zdalna-aplikacja-klucza-licencyjnego-windows-10-lub-11-home\" \/>\n<meta property=\"og:locale\" content=\"pl_PL\" \/>\n<meta property=\"og:type\" content=\"article\" \/>\n<meta property=\"og:title\" content=\"Zdalna aplikacja klucza licencyjnego Windows 10 lub 11 Home - Legalny Komputer\" \/>\n<meta property=\"og:description\" content=\"Licencja systemu Windows 10 lub 11* Home  * Przy instalacji Windows 11, przes\u0142ane urz\u0105dzenie musi spe\u0142nia\u0107 minimalne wymagania systemu.\" \/>\n<meta property=\"og:url\" content=\"https:\/\/legalnykomputer.pl\/?product=zdalna-aplikacja-klucza-licencyjnego-windows-10-lub-11-home\" \/>\n<meta property=\"og:site_name\" content=\"Legalny Komputer\" \/>\n<meta property=\"article:modified_time\" content=\"2023-11-22T13:16:42+00:00\" \/>\n<meta property=\"og:image\" content=\"https:\/\/legalnykomputer.pl\/wp-content\/uploads\/2023\/11\/GMRL.webp\" \/>\n\t<meta property=\"og:image:width\" content=\"292\" \/>\n\t<meta property=\"og:image:height\" content=\"299\" \/>\n\t<meta property=\"og:image:type\" content=\"image\/webp\" \/>\n<meta name=\"twitter:card\" content=\"summary_large_image\" \/>\n<script type=\"application\/ld+json\" class=\"yoast-schema-graph\">{\"@context\":\"https:\/\/schema.org\",\"@graph\":[{\"@type\":\"WebPage\",\"@id\":\"https:\/\/legalnykomputer.pl\/?product=zdalna-aplikacja-klucza-licencyjnego-windows-10-lub-11-home\",\"url\":\"https:\/\/legalnykomputer.pl\/?product=zdalna-aplikacja-klucza-licencyjnego-windows-10-lub-11-home\",\"name\":\"Zdalna aplikacja klucza licencyjnego Windows 10 lub 11 Home - Legalny Komputer\",\"isPartOf\":{\"@id\":\"https:\/\/legalnykomputer.pl\/#website\"},\"datePublished\":\"2023-11-22T10:23:45+00:00\",\"dateModified\":\"2023-11-22T13:16:42+00:00\",\"breadcrumb\":{\"@id\":\"https:\/\/legalnykomputer.pl\/?product=zdalna-aplikacja-klucza-licencyjnego-windows-10-lub-11-home#breadcrumb\"},\"inLanguage\":\"pl-PL\",\"potentialAction\":[{\"@type\":\"ReadAction\",\"target\":[\"https:\/\/legalnykomputer.pl\/?product=zdalna-aplikacja-klucza-licencyjnego-windows-10-lub-11-home\"]}]},{\"@type\":\"BreadcrumbList\",\"@id\":\"https:\/\/legalnykomputer.pl\/?product=zdalna-aplikacja-klucza-licencyjnego-windows-10-lub-11-home#breadcrumb\",\"itemListElement\":[{\"@type\":\"ListItem\",\"position\":1,\"name\":\"Strona g\u0142\u00f3wna\",\"item\":\"https:\/\/legalnykomputer.pl\/\"},{\"@type\":\"ListItem\",\"position\":2,\"name\":\"Nasze us\u0142ugi\",\"item\":\"https:\/\/legalnykomputer.pl\/?page_id=2288\"},{\"@type\":\"ListItem\",\"position\":3,\"name\":\"Zdalna aplikacja klucza licencyjnego Windows 10 lub 11 Home\"}]},{\"@type\":\"WebSite\",\"@id\":\"https:\/\/legalnykomputer.pl\/#website\",\"url\":\"https:\/\/legalnykomputer.pl\/\",\"name\":\"Legalny Komputer\",\"description\":\"\",\"publisher\":{\"@id\":\"https:\/\/legalnykomputer.pl\/#organization\"},\"potentialAction\":[{\"@type\":\"SearchAction\",\"target\":{\"@type\":\"EntryPoint\",\"urlTemplate\":\"https:\/\/legalnykomputer.pl\/?s={search_term_string}\"},\"query-input\":\"required name=search_term_string\"}],\"inLanguage\":\"pl-PL\"},{\"@type\":\"Organization\",\"@id\":\"https:\/\/legalnykomputer.pl\/#organization\",\"name\":\"Netland Computers sp. z o. o.\",\"url\":\"https:\/\/legalnykomputer.pl\/\",\"logo\":{\"@type\":\"ImageObject\",\"inLanguage\":\"pl-PL\",\"@id\":\"https:\/\/legalnykomputer.pl\/#\/schema\/logo\/image\/\",\"url\":\"https:\/\/legalnykomputer.pl\/wp-content\/uploads\/2023\/10\/Logo-NETLAND-Czarne-PNG-Male.png\",\"contentUrl\":\"https:\/\/legalnykomputer.pl\/wp-content\/uploads\/2023\/10\/Logo-NETLAND-Czarne-PNG-Male.png\",\"width\":1000,\"height\":298,\"caption\":\"Netland Computers sp. z o. o.\"},\"image\":{\"@id\":\"https:\/\/legalnykomputer.pl\/#\/schema\/logo\/image\/\"}}]}<\/script>\n<!-- \/ Yoast SEO plugin. -->","yoast_head_json":{"title":"Zdalna aplikacja klucza licencyjnego Windows 10 lub 11 Home - Legalny Komputer","robots":{"index":"index","follow":"follow","max-snippet":"max-snippet:-1","max-image-preview":"max-image-preview:large","max-video-preview":"max-video-preview:-1"},"canonical":"https:\/\/legalnykomputer.pl\/?product=zdalna-aplikacja-klucza-licencyjnego-windows-10-lub-11-home","og_locale":"pl_PL","og_type":"article","og_title":"Zdalna aplikacja klucza licencyjnego Windows 10 lub 11 Home - Legalny Komputer","og_description":"Licencja systemu Windows 10 lub 11* Home  * Przy instalacji Windows 11, przes\u0142ane urz\u0105dzenie musi spe\u0142nia\u0107 minimalne wymagania systemu.","og_url":"https:\/\/legalnykomputer.pl\/?product=zdalna-aplikacja-klucza-licencyjnego-windows-10-lub-11-home","og_site_name":"Legalny Komputer","article_modified_time":"2023-11-22T13:16:42+00:00","og_image":[{"width":292,"height":299,"url":"https:\/\/legalnykomputer.pl\/wp-content\/uploads\/2023\/11\/GMRL.webp","type":"image\/webp"}],"twitter_card":"summary_large_image","schema":{"@context":"https:\/\/schema.org","@graph":[{"@type":"WebPage","@id":"https:\/\/legalnykomputer.pl\/?product=zdalna-aplikacja-klucza-licencyjnego-windows-10-lub-11-home","url":"https:\/\/legalnykomputer.pl\/?product=zdalna-aplikacja-klucza-licencyjnego-windows-10-lub-11-home","name":"Zdalna aplikacja klucza licencyjnego Windows 10 lub 11 Home - Legalny Komputer","isPartOf":{"@id":"https:\/\/legalnykomputer.pl\/#website"},"datePublished":"2023-11-22T10:23:45+00:00","dateModified":"2023-11-22T13:16:42+00:00","breadcrumb":{"@id":"https:\/\/legalnykomputer.pl\/?product=zdalna-aplikacja-klucza-licencyjnego-windows-10-lub-11-home#breadcrumb"},"inLanguage":"pl-PL","potentialAction":[{"@type":"ReadAction","target":["https:\/\/legalnykomputer.pl\/?product=zdalna-aplikacja-klucza-licencyjnego-windows-10-lub-11-home"]}]},{"@type":"BreadcrumbList","@id":"https:\/\/legalnykomputer.pl\/?product=zdalna-aplikacja-klucza-licencyjnego-windows-10-lub-11-home#breadcrumb","itemListElement":[{"@type":"ListItem","position":1,"name":"Strona g\u0142\u00f3wna","item":"https:\/\/legalnykomputer.pl\/"},{"@type":"ListItem","position":2,"name":"Nasze us\u0142ugi","item":"https:\/\/legalnykomputer.pl\/?page_id=2288"},{"@type":"ListItem","position":3,"name":"Zdalna aplikacja klucza licencyjnego Windows 10 lub 11 Home"}]},{"@type":"WebSite","@id":"https:\/\/legalnykomputer.pl\/#website","url":"https:\/\/legalnykomputer.pl\/","name":"Legalny Komputer","description":"","publisher":{"@id":"https:\/\/legalnykomputer.pl\/#organization"},"potentialAction":[{"@type":"SearchAction","target":{"@type":"EntryPoint","urlTemplate":"https:\/\/legalnykomputer.pl\/?s={search_term_string}"},"query-input":"required name=search_term_string"}],"inLanguage":"pl-PL"},{"@type":"Organization","@id":"https:\/\/legalnykomputer.pl\/#organization","name":"Netland Computers sp. z o. o.","url":"https:\/\/legalnykomputer.pl\/","logo":{"@type":"ImageObject","inLanguage":"pl-PL","@id":"https:\/\/legalnykomputer.pl\/#\/schema\/logo\/image\/","url":"https:\/\/legalnykomputer.pl\/wp-content\/uploads\/2023\/10\/Logo-NETLAND-Czarne-PNG-Male.png","contentUrl":"https:\/\/legalnykomputer.pl\/wp-content\/uploads\/2023\/10\/Logo-NETLAND-Czarne-PNG-Male.png","width":1000,"height":298,"caption":"Netland Computers sp. z o. o."},"image":{"@id":"https:\/\/legalnykomputer.pl\/#\/schema\/logo\/image\/"}}]}},"_links":{"self":[{"href":"https:\/\/legalnykomputer.pl\/index.php?rest_route=\/wp\/v2\/product\/17453","targetHints":{"allow":["GET"]}}],"collection":[{"href":"https:\/\/legalnykomputer.pl\/index.php?rest_route=\/wp\/v2\/product"}],"about":[{"href":"https:\/\/legalnykomputer.pl\/index.php?rest_route=\/wp\/v2\/types\/product"}],"wp:featuredmedia":[{"embeddable":true,"href":"https:\/\/legalnykomputer.pl\/index.php?rest_route=\/wp\/v2\/media\/17454"}],"wp:attachment":[{"href":"https:\/\/legalnykomputer.pl\/index.php?rest_route=%2Fwp%2Fv2%2Fmedia&parent=17453"}],"wp:term":[{"taxonomy":"product_cat","embeddable":true,"href":"https:\/\/legalnykomputer.pl\/index.php?rest_route=%2Fwp%2Fv2%2Fproduct_cat&post=17453"},{"taxonomy":"product_tag","embeddable":true,"href":"https:\/\/legalnykomputer.pl\/index.php?rest_route=%2Fwp%2Fv2%2Fproduct_tag&post=17453"}],"curies":[{"name":"wp","href":"https:\/\/api.w.org\/{rel}","templated":true}]}}