{"id":17404,"date":"2023-10-26T15:43:08","date_gmt":"2023-10-26T13:43:08","guid":{"rendered":"https:\/\/legalnykomputer.pl\/?post_type=product&#038;p=17404"},"modified":"2023-11-22T14:10:09","modified_gmt":"2023-11-22T13:10:09","slug":"pakiet-bezpieczna-aktualizacja","status":"publish","type":"product","link":"https:\/\/legalnykomputer.pl\/?product=pakiet-bezpieczna-aktualizacja","title":{"rendered":"Pakiet Bezpieczna Aktualizacja"},"content":{"rendered":"","protected":false},"excerpt":{"rendered":"<ul>\n<li><strong>Podniesienie systemu do Windows 11 bez utraty danych*<\/strong><\/li>\n<li><strong>Archiwizacja danych<\/strong><\/li>\n<li><strong>Przeprowadzenie bezpiecznej aktualizacji systemu do najnowszej wersji<\/strong><\/li>\n<li><strong>Sprawdzenie poprawno\u015bci danych<\/strong><\/li>\n<\/ul>\n<p><strong><sup>* <\/sup>Przy instalacji Windows 11, przes\u0142ane urz\u0105dzenie musi spe\u0142nia\u0107 minimalne wymagania systemu.<\/strong><\/p>\n","protected":false},"featured_media":17380,"template":"","meta":[],"product_cat":[76],"product_tag":[],"class_list":{"0":"post-17404","1":"product","2":"type-product","3":"status-publish","4":"has-post-thumbnail","6":"product_cat-uslugi","8":"first","9":"instock","10":"sold-individually","11":"taxable","12":"shipping-taxable","13":"purchasable","14":"product-type-simple"},"yoast_head":"<!-- This site is optimized with the Yoast SEO plugin v21.7 - https:\/\/yoast.com\/wordpress\/plugins\/seo\/ -->\n<title>Pakiet Bezpieczna Aktualizacja - Legalny Komputer<\/title>\n<meta name=\"robots\" content=\"index, follow, max-snippet:-1, max-image-preview:large, max-video-preview:-1\" \/>\n<link rel=\"canonical\" href=\"https:\/\/legalnykomputer.pl\/?product=pakiet-bezpieczna-aktualizacja\" \/>\n<meta property=\"og:locale\" content=\"pl_PL\" \/>\n<meta property=\"og:type\" content=\"article\" \/>\n<meta property=\"og:title\" content=\"Pakiet Bezpieczna Aktualizacja - Legalny Komputer\" \/>\n<meta property=\"og:description\" content=\"Podniesienie systemu do Windows 11 bez utraty danych*  Archiwizacja danych  Przeprowadzenie bezpiecznej aktualizacji systemu do najnowszej wersji  Sprawdzenie poprawno\u015bci danych  * Przy instalacji Windows 11, przes\u0142ane urz\u0105dzenie musi spe\u0142nia\u0107 minimalne wymagania systemu.\" \/>\n<meta property=\"og:url\" content=\"https:\/\/legalnykomputer.pl\/?product=pakiet-bezpieczna-aktualizacja\" \/>\n<meta property=\"og:site_name\" content=\"Legalny Komputer\" \/>\n<meta property=\"article:modified_time\" content=\"2023-11-22T13:10:09+00:00\" \/>\n<meta property=\"og:image\" content=\"https:\/\/legalnykomputer.pl\/wp-content\/uploads\/2023\/10\/favicon-2.png\" \/>\n\t<meta property=\"og:image:width\" content=\"512\" \/>\n\t<meta property=\"og:image:height\" content=\"512\" \/>\n\t<meta property=\"og:image:type\" content=\"image\/png\" \/>\n<meta name=\"twitter:card\" content=\"summary_large_image\" \/>\n<script type=\"application\/ld+json\" class=\"yoast-schema-graph\">{\"@context\":\"https:\/\/schema.org\",\"@graph\":[{\"@type\":\"WebPage\",\"@id\":\"https:\/\/legalnykomputer.pl\/?product=pakiet-bezpieczna-aktualizacja\",\"url\":\"https:\/\/legalnykomputer.pl\/?product=pakiet-bezpieczna-aktualizacja\",\"name\":\"Pakiet Bezpieczna Aktualizacja - Legalny Komputer\",\"isPartOf\":{\"@id\":\"https:\/\/legalnykomputer.pl\/#website\"},\"datePublished\":\"2023-10-26T13:43:08+00:00\",\"dateModified\":\"2023-11-22T13:10:09+00:00\",\"breadcrumb\":{\"@id\":\"https:\/\/legalnykomputer.pl\/?product=pakiet-bezpieczna-aktualizacja#breadcrumb\"},\"inLanguage\":\"pl-PL\",\"potentialAction\":[{\"@type\":\"ReadAction\",\"target\":[\"https:\/\/legalnykomputer.pl\/?product=pakiet-bezpieczna-aktualizacja\"]}]},{\"@type\":\"BreadcrumbList\",\"@id\":\"https:\/\/legalnykomputer.pl\/?product=pakiet-bezpieczna-aktualizacja#breadcrumb\",\"itemListElement\":[{\"@type\":\"ListItem\",\"position\":1,\"name\":\"Strona g\u0142\u00f3wna\",\"item\":\"https:\/\/legalnykomputer.pl\/\"},{\"@type\":\"ListItem\",\"position\":2,\"name\":\"Nasze us\u0142ugi\",\"item\":\"https:\/\/legalnykomputer.pl\/?page_id=2288\"},{\"@type\":\"ListItem\",\"position\":3,\"name\":\"Pakiet Bezpieczna Aktualizacja\"}]},{\"@type\":\"WebSite\",\"@id\":\"https:\/\/legalnykomputer.pl\/#website\",\"url\":\"https:\/\/legalnykomputer.pl\/\",\"name\":\"Legalny Komputer\",\"description\":\"\",\"publisher\":{\"@id\":\"https:\/\/legalnykomputer.pl\/#organization\"},\"potentialAction\":[{\"@type\":\"SearchAction\",\"target\":{\"@type\":\"EntryPoint\",\"urlTemplate\":\"https:\/\/legalnykomputer.pl\/?s={search_term_string}\"},\"query-input\":\"required name=search_term_string\"}],\"inLanguage\":\"pl-PL\"},{\"@type\":\"Organization\",\"@id\":\"https:\/\/legalnykomputer.pl\/#organization\",\"name\":\"Netland Computers sp. z o. o.\",\"url\":\"https:\/\/legalnykomputer.pl\/\",\"logo\":{\"@type\":\"ImageObject\",\"inLanguage\":\"pl-PL\",\"@id\":\"https:\/\/legalnykomputer.pl\/#\/schema\/logo\/image\/\",\"url\":\"https:\/\/legalnykomputer.pl\/wp-content\/uploads\/2023\/10\/Logo-NETLAND-Czarne-PNG-Male.png\",\"contentUrl\":\"https:\/\/legalnykomputer.pl\/wp-content\/uploads\/2023\/10\/Logo-NETLAND-Czarne-PNG-Male.png\",\"width\":1000,\"height\":298,\"caption\":\"Netland Computers sp. z o. o.\"},\"image\":{\"@id\":\"https:\/\/legalnykomputer.pl\/#\/schema\/logo\/image\/\"}}]}<\/script>\n<!-- \/ Yoast SEO plugin. -->","yoast_head_json":{"title":"Pakiet Bezpieczna Aktualizacja - Legalny Komputer","robots":{"index":"index","follow":"follow","max-snippet":"max-snippet:-1","max-image-preview":"max-image-preview:large","max-video-preview":"max-video-preview:-1"},"canonical":"https:\/\/legalnykomputer.pl\/?product=pakiet-bezpieczna-aktualizacja","og_locale":"pl_PL","og_type":"article","og_title":"Pakiet Bezpieczna Aktualizacja - Legalny Komputer","og_description":"Podniesienie systemu do Windows 11 bez utraty danych*  Archiwizacja danych  Przeprowadzenie bezpiecznej aktualizacji systemu do najnowszej wersji  Sprawdzenie poprawno\u015bci danych  * Przy instalacji Windows 11, przes\u0142ane urz\u0105dzenie musi spe\u0142nia\u0107 minimalne wymagania systemu.","og_url":"https:\/\/legalnykomputer.pl\/?product=pakiet-bezpieczna-aktualizacja","og_site_name":"Legalny Komputer","article_modified_time":"2023-11-22T13:10:09+00:00","og_image":[{"width":512,"height":512,"url":"https:\/\/legalnykomputer.pl\/wp-content\/uploads\/2023\/10\/favicon-2.png","type":"image\/png"}],"twitter_card":"summary_large_image","schema":{"@context":"https:\/\/schema.org","@graph":[{"@type":"WebPage","@id":"https:\/\/legalnykomputer.pl\/?product=pakiet-bezpieczna-aktualizacja","url":"https:\/\/legalnykomputer.pl\/?product=pakiet-bezpieczna-aktualizacja","name":"Pakiet Bezpieczna Aktualizacja - Legalny Komputer","isPartOf":{"@id":"https:\/\/legalnykomputer.pl\/#website"},"datePublished":"2023-10-26T13:43:08+00:00","dateModified":"2023-11-22T13:10:09+00:00","breadcrumb":{"@id":"https:\/\/legalnykomputer.pl\/?product=pakiet-bezpieczna-aktualizacja#breadcrumb"},"inLanguage":"pl-PL","potentialAction":[{"@type":"ReadAction","target":["https:\/\/legalnykomputer.pl\/?product=pakiet-bezpieczna-aktualizacja"]}]},{"@type":"BreadcrumbList","@id":"https:\/\/legalnykomputer.pl\/?product=pakiet-bezpieczna-aktualizacja#breadcrumb","itemListElement":[{"@type":"ListItem","position":1,"name":"Strona g\u0142\u00f3wna","item":"https:\/\/legalnykomputer.pl\/"},{"@type":"ListItem","position":2,"name":"Nasze us\u0142ugi","item":"https:\/\/legalnykomputer.pl\/?page_id=2288"},{"@type":"ListItem","position":3,"name":"Pakiet Bezpieczna Aktualizacja"}]},{"@type":"WebSite","@id":"https:\/\/legalnykomputer.pl\/#website","url":"https:\/\/legalnykomputer.pl\/","name":"Legalny Komputer","description":"","publisher":{"@id":"https:\/\/legalnykomputer.pl\/#organization"},"potentialAction":[{"@type":"SearchAction","target":{"@type":"EntryPoint","urlTemplate":"https:\/\/legalnykomputer.pl\/?s={search_term_string}"},"query-input":"required name=search_term_string"}],"inLanguage":"pl-PL"},{"@type":"Organization","@id":"https:\/\/legalnykomputer.pl\/#organization","name":"Netland Computers sp. z o. o.","url":"https:\/\/legalnykomputer.pl\/","logo":{"@type":"ImageObject","inLanguage":"pl-PL","@id":"https:\/\/legalnykomputer.pl\/#\/schema\/logo\/image\/","url":"https:\/\/legalnykomputer.pl\/wp-content\/uploads\/2023\/10\/Logo-NETLAND-Czarne-PNG-Male.png","contentUrl":"https:\/\/legalnykomputer.pl\/wp-content\/uploads\/2023\/10\/Logo-NETLAND-Czarne-PNG-Male.png","width":1000,"height":298,"caption":"Netland Computers sp. z o. o."},"image":{"@id":"https:\/\/legalnykomputer.pl\/#\/schema\/logo\/image\/"}}]}},"_links":{"self":[{"href":"https:\/\/legalnykomputer.pl\/index.php?rest_route=\/wp\/v2\/product\/17404","targetHints":{"allow":["GET"]}}],"collection":[{"href":"https:\/\/legalnykomputer.pl\/index.php?rest_route=\/wp\/v2\/product"}],"about":[{"href":"https:\/\/legalnykomputer.pl\/index.php?rest_route=\/wp\/v2\/types\/product"}],"wp:featuredmedia":[{"embeddable":true,"href":"https:\/\/legalnykomputer.pl\/index.php?rest_route=\/wp\/v2\/media\/17380"}],"wp:attachment":[{"href":"https:\/\/legalnykomputer.pl\/index.php?rest_route=%2Fwp%2Fv2%2Fmedia&parent=17404"}],"wp:term":[{"taxonomy":"product_cat","embeddable":true,"href":"https:\/\/legalnykomputer.pl\/index.php?rest_route=%2Fwp%2Fv2%2Fproduct_cat&post=17404"},{"taxonomy":"product_tag","embeddable":true,"href":"https:\/\/legalnykomputer.pl\/index.php?rest_route=%2Fwp%2Fv2%2Fproduct_tag&post=17404"}],"curies":[{"name":"wp","href":"https:\/\/api.w.org\/{rel}","templated":true}]}}