{"id":17401,"date":"2023-10-26T15:39:20","date_gmt":"2023-10-26T13:39:20","guid":{"rendered":"https:\/\/legalnykomputer.pl\/?post_type=product&#038;p=17401"},"modified":"2023-11-22T14:12:13","modified_gmt":"2023-11-22T13:12:13","slug":"doradztwo-office","status":"publish","type":"product","link":"https:\/\/legalnykomputer.pl\/?product=doradztwo-office","title":{"rendered":"Doradztwo Office"},"content":{"rendered":"","protected":false},"excerpt":{"rendered":"<ul>\n<li><strong>Analiza potrzeb Klienta w zakresie funkcjonalno\u015bci dost\u0119pnych w pakietach Office<\/strong><\/li>\n<li><strong>Dob\u00f3r optymalnej cenowo licencji bior\u0105c pod uwag\u0119 potrzeby klienta oraz jego preferencje co do metody licencjowania.<\/strong><\/li>\n<\/ul>\n","protected":false},"featured_media":17471,"template":"","meta":[],"product_cat":[76],"product_tag":[],"class_list":{"0":"post-17401","1":"product","2":"type-product","3":"status-publish","4":"has-post-thumbnail","6":"product_cat-uslugi","8":"first","9":"instock","10":"sold-individually","11":"taxable","12":"shipping-taxable","13":"purchasable","14":"product-type-simple"},"yoast_head":"<!-- This site is optimized with the Yoast SEO plugin v21.7 - https:\/\/yoast.com\/wordpress\/plugins\/seo\/ -->\n<title>Doradztwo Office - Legalny Komputer<\/title>\n<meta name=\"robots\" content=\"index, follow, max-snippet:-1, max-image-preview:large, max-video-preview:-1\" \/>\n<link rel=\"canonical\" href=\"https:\/\/legalnykomputer.pl\/?product=doradztwo-office\" \/>\n<meta property=\"og:locale\" content=\"pl_PL\" \/>\n<meta property=\"og:type\" content=\"article\" \/>\n<meta property=\"og:title\" content=\"Doradztwo Office - Legalny Komputer\" \/>\n<meta property=\"og:description\" content=\"Analiza potrzeb Klienta w zakresie funkcjonalno\u015bci dost\u0119pnych w pakietach Office  Dob\u00f3r optymalnej cenowo licencji bior\u0105c pod uwag\u0119 potrzeby klienta oraz jego preferencje co do metody licencjowania.\" \/>\n<meta property=\"og:url\" content=\"https:\/\/legalnykomputer.pl\/?product=doradztwo-office\" \/>\n<meta property=\"og:site_name\" content=\"Legalny Komputer\" \/>\n<meta property=\"article:modified_time\" content=\"2023-11-22T13:12:13+00:00\" \/>\n<meta property=\"og:image\" content=\"https:\/\/legalnykomputer.pl\/wp-content\/uploads\/2023\/10\/office.png\" \/>\n\t<meta property=\"og:image:width\" content=\"512\" \/>\n\t<meta property=\"og:image:height\" content=\"512\" \/>\n\t<meta property=\"og:image:type\" content=\"image\/png\" \/>\n<meta name=\"twitter:card\" content=\"summary_large_image\" \/>\n<script type=\"application\/ld+json\" class=\"yoast-schema-graph\">{\"@context\":\"https:\/\/schema.org\",\"@graph\":[{\"@type\":\"WebPage\",\"@id\":\"https:\/\/legalnykomputer.pl\/?product=doradztwo-office\",\"url\":\"https:\/\/legalnykomputer.pl\/?product=doradztwo-office\",\"name\":\"Doradztwo Office - Legalny Komputer\",\"isPartOf\":{\"@id\":\"https:\/\/legalnykomputer.pl\/#website\"},\"datePublished\":\"2023-10-26T13:39:20+00:00\",\"dateModified\":\"2023-11-22T13:12:13+00:00\",\"breadcrumb\":{\"@id\":\"https:\/\/legalnykomputer.pl\/?product=doradztwo-office#breadcrumb\"},\"inLanguage\":\"pl-PL\",\"potentialAction\":[{\"@type\":\"ReadAction\",\"target\":[\"https:\/\/legalnykomputer.pl\/?product=doradztwo-office\"]}]},{\"@type\":\"BreadcrumbList\",\"@id\":\"https:\/\/legalnykomputer.pl\/?product=doradztwo-office#breadcrumb\",\"itemListElement\":[{\"@type\":\"ListItem\",\"position\":1,\"name\":\"Strona g\u0142\u00f3wna\",\"item\":\"https:\/\/legalnykomputer.pl\/\"},{\"@type\":\"ListItem\",\"position\":2,\"name\":\"Nasze us\u0142ugi\",\"item\":\"https:\/\/legalnykomputer.pl\/?page_id=2288\"},{\"@type\":\"ListItem\",\"position\":3,\"name\":\"Doradztwo Office\"}]},{\"@type\":\"WebSite\",\"@id\":\"https:\/\/legalnykomputer.pl\/#website\",\"url\":\"https:\/\/legalnykomputer.pl\/\",\"name\":\"Legalny Komputer\",\"description\":\"\",\"publisher\":{\"@id\":\"https:\/\/legalnykomputer.pl\/#organization\"},\"potentialAction\":[{\"@type\":\"SearchAction\",\"target\":{\"@type\":\"EntryPoint\",\"urlTemplate\":\"https:\/\/legalnykomputer.pl\/?s={search_term_string}\"},\"query-input\":\"required name=search_term_string\"}],\"inLanguage\":\"pl-PL\"},{\"@type\":\"Organization\",\"@id\":\"https:\/\/legalnykomputer.pl\/#organization\",\"name\":\"Netland Computers sp. z o. o.\",\"url\":\"https:\/\/legalnykomputer.pl\/\",\"logo\":{\"@type\":\"ImageObject\",\"inLanguage\":\"pl-PL\",\"@id\":\"https:\/\/legalnykomputer.pl\/#\/schema\/logo\/image\/\",\"url\":\"https:\/\/legalnykomputer.pl\/wp-content\/uploads\/2023\/10\/Logo-NETLAND-Czarne-PNG-Male.png\",\"contentUrl\":\"https:\/\/legalnykomputer.pl\/wp-content\/uploads\/2023\/10\/Logo-NETLAND-Czarne-PNG-Male.png\",\"width\":1000,\"height\":298,\"caption\":\"Netland Computers sp. z o. o.\"},\"image\":{\"@id\":\"https:\/\/legalnykomputer.pl\/#\/schema\/logo\/image\/\"}}]}<\/script>\n<!-- \/ Yoast SEO plugin. -->","yoast_head_json":{"title":"Doradztwo Office - Legalny Komputer","robots":{"index":"index","follow":"follow","max-snippet":"max-snippet:-1","max-image-preview":"max-image-preview:large","max-video-preview":"max-video-preview:-1"},"canonical":"https:\/\/legalnykomputer.pl\/?product=doradztwo-office","og_locale":"pl_PL","og_type":"article","og_title":"Doradztwo Office - Legalny Komputer","og_description":"Analiza potrzeb Klienta w zakresie funkcjonalno\u015bci dost\u0119pnych w pakietach Office  Dob\u00f3r optymalnej cenowo licencji bior\u0105c pod uwag\u0119 potrzeby klienta oraz jego preferencje co do metody licencjowania.","og_url":"https:\/\/legalnykomputer.pl\/?product=doradztwo-office","og_site_name":"Legalny Komputer","article_modified_time":"2023-11-22T13:12:13+00:00","og_image":[{"width":512,"height":512,"url":"https:\/\/legalnykomputer.pl\/wp-content\/uploads\/2023\/10\/office.png","type":"image\/png"}],"twitter_card":"summary_large_image","schema":{"@context":"https:\/\/schema.org","@graph":[{"@type":"WebPage","@id":"https:\/\/legalnykomputer.pl\/?product=doradztwo-office","url":"https:\/\/legalnykomputer.pl\/?product=doradztwo-office","name":"Doradztwo Office - Legalny Komputer","isPartOf":{"@id":"https:\/\/legalnykomputer.pl\/#website"},"datePublished":"2023-10-26T13:39:20+00:00","dateModified":"2023-11-22T13:12:13+00:00","breadcrumb":{"@id":"https:\/\/legalnykomputer.pl\/?product=doradztwo-office#breadcrumb"},"inLanguage":"pl-PL","potentialAction":[{"@type":"ReadAction","target":["https:\/\/legalnykomputer.pl\/?product=doradztwo-office"]}]},{"@type":"BreadcrumbList","@id":"https:\/\/legalnykomputer.pl\/?product=doradztwo-office#breadcrumb","itemListElement":[{"@type":"ListItem","position":1,"name":"Strona g\u0142\u00f3wna","item":"https:\/\/legalnykomputer.pl\/"},{"@type":"ListItem","position":2,"name":"Nasze us\u0142ugi","item":"https:\/\/legalnykomputer.pl\/?page_id=2288"},{"@type":"ListItem","position":3,"name":"Doradztwo Office"}]},{"@type":"WebSite","@id":"https:\/\/legalnykomputer.pl\/#website","url":"https:\/\/legalnykomputer.pl\/","name":"Legalny Komputer","description":"","publisher":{"@id":"https:\/\/legalnykomputer.pl\/#organization"},"potentialAction":[{"@type":"SearchAction","target":{"@type":"EntryPoint","urlTemplate":"https:\/\/legalnykomputer.pl\/?s={search_term_string}"},"query-input":"required name=search_term_string"}],"inLanguage":"pl-PL"},{"@type":"Organization","@id":"https:\/\/legalnykomputer.pl\/#organization","name":"Netland Computers sp. z o. o.","url":"https:\/\/legalnykomputer.pl\/","logo":{"@type":"ImageObject","inLanguage":"pl-PL","@id":"https:\/\/legalnykomputer.pl\/#\/schema\/logo\/image\/","url":"https:\/\/legalnykomputer.pl\/wp-content\/uploads\/2023\/10\/Logo-NETLAND-Czarne-PNG-Male.png","contentUrl":"https:\/\/legalnykomputer.pl\/wp-content\/uploads\/2023\/10\/Logo-NETLAND-Czarne-PNG-Male.png","width":1000,"height":298,"caption":"Netland Computers sp. z o. o."},"image":{"@id":"https:\/\/legalnykomputer.pl\/#\/schema\/logo\/image\/"}}]}},"_links":{"self":[{"href":"https:\/\/legalnykomputer.pl\/index.php?rest_route=\/wp\/v2\/product\/17401","targetHints":{"allow":["GET"]}}],"collection":[{"href":"https:\/\/legalnykomputer.pl\/index.php?rest_route=\/wp\/v2\/product"}],"about":[{"href":"https:\/\/legalnykomputer.pl\/index.php?rest_route=\/wp\/v2\/types\/product"}],"wp:featuredmedia":[{"embeddable":true,"href":"https:\/\/legalnykomputer.pl\/index.php?rest_route=\/wp\/v2\/media\/17471"}],"wp:attachment":[{"href":"https:\/\/legalnykomputer.pl\/index.php?rest_route=%2Fwp%2Fv2%2Fmedia&parent=17401"}],"wp:term":[{"taxonomy":"product_cat","embeddable":true,"href":"https:\/\/legalnykomputer.pl\/index.php?rest_route=%2Fwp%2Fv2%2Fproduct_cat&post=17401"},{"taxonomy":"product_tag","embeddable":true,"href":"https:\/\/legalnykomputer.pl\/index.php?rest_route=%2Fwp%2Fv2%2Fproduct_tag&post=17401"}],"curies":[{"name":"wp","href":"https:\/\/api.w.org\/{rel}","templated":true}]}}